{"id":268,"date":"2023-09-12T22:18:04","date_gmt":"2023-09-12T20:18:04","guid":{"rendered":"https:\/\/ok100.cz\/?page_id=268"},"modified":"2023-09-13T01:31:12","modified_gmt":"2023-09-12T23:31:12","slug":"ochrana-osobnich-udaju","status":"publish","type":"page","link":"https:\/\/ok100.cz\/index.php\/ochrana-osobnich-udaju\/","title":{"rendered":"Ochrana osobn\u00edch \u00fadaj\u016f"},"content":{"rendered":"\n<p>Tento web byl vytvo\u0159en skupinou fanou\u0161k\u016f letectv\u00ed a \u010cSA. Projekt za\u0161ti\u0165uje spole\u010dnost Aviation Media s.r.o., \u010cerve\u0148ansk\u00e9ho 2824\/15, Praha 13 \u2013 Velk\u00e1 Ohrada 155 00. V\u00e1mi zadan\u00fd e-mail nebude p\u0159ed\u00e1n \u017e\u00e1dn\u00e9 t\u0159et\u00ed stran\u011b bez va\u0161eho v\u011bdom\u00ed a souhlasu. E-mailem v\u00e1m za\u0161leme pouze informace o projektu OK100. Data poskytnut\u00e1 v\u00e1mi zpracov\u00e1v\u00e1me v syst\u00e9mu MailerLite. \u017d\u00e1dn\u00e1 jin\u00e1 data ne\u017e e-mailovou adresu nezpracov\u00e1v\u00e1me.<\/p>\n\n\n\n<p>Z kontaktn\u00edho listu se m\u016f\u017eete kdykoliv odhl\u00e1sit p\u0159es doru\u010den\u00fd e-mail kliknut\u00edm na slovo &#8220;ODHL\u00c1SIT SE&#8221;. <\/p>\n\n\n\n<p>V\u0161echny d\u016fle\u017eit\u00e9 informace o projektu OK100 v\u00e1m za\u0161leme nejpozd\u011bji 1. 10. 2023.<\/p>\n\n\n\n<p><\/p>\n\n\n\n<figure class=\"wp-block-image size-full is-resized\"><img decoding=\"async\" loading=\"lazy\" src=\"http:\/\/ok100.cz\/wp-content\/uploads\/2023\/08\/OK-100-logo-small.png\" alt=\"\" class=\"wp-image-228\" style=\"width:311px;height:132px\" width=\"311\" height=\"132\" srcset=\"https:\/\/ok100.cz\/wp-content\/uploads\/2023\/08\/OK-100-logo-small.png 400w, https:\/\/ok100.cz\/wp-content\/uploads\/2023\/08\/OK-100-logo-small-300x128.png 300w\" sizes=\"(max-width: 311px) 100vw, 311px\" \/><\/figure>\n\n\n\n<p><\/p>\n\n\n\n<p>Kontaktovat n\u00e1s m\u016f\u017eete na ok100@ok100.cz <\/p>\n\n\n\n<p>OK100 CREW<\/p>\n","protected":false},"excerpt":{"rendered":"<p>Tento web byl vytvo\u0159en skupinou fanou\u0161k\u016f letectv\u00ed a \u010cSA. Projekt za\u0161ti\u0165uje spole\u010dnost Aviation Media s.r.o., \u010cerve\u0148ansk\u00e9ho 2824\/15, Praha 13 \u2013 Velk\u00e1 Ohrada 155 00. V\u00e1mi zadan\u00fd e-mail nebude p\u0159ed\u00e1n \u017e\u00e1dn\u00e9 t\u0159et\u00ed stran\u011b bez va\u0161eho v\u011bdom\u00ed a souhlasu. E-mailem v\u00e1m za\u0161leme pouze informace o projektu OK100. Data poskytnut\u00e1 v\u00e1mi zpracov\u00e1v\u00e1me v syst\u00e9mu MailerLite. \u017d\u00e1dn\u00e1 jin\u00e1 data [&hellip;]<\/p>\n","protected":false},"author":2,"featured_media":0,"parent":0,"menu_order":0,"comment_status":"closed","ping_status":"closed","template":"","meta":{"_et_pb_use_builder":"off","_et_pb_old_content":"","_et_gb_content_width":"1080","footnotes":""},"_links":{"self":[{"href":"https:\/\/ok100.cz\/index.php\/wp-json\/wp\/v2\/pages\/268"}],"collection":[{"href":"https:\/\/ok100.cz\/index.php\/wp-json\/wp\/v2\/pages"}],"about":[{"href":"https:\/\/ok100.cz\/index.php\/wp-json\/wp\/v2\/types\/page"}],"author":[{"embeddable":true,"href":"https:\/\/ok100.cz\/index.php\/wp-json\/wp\/v2\/users\/2"}],"replies":[{"embeddable":true,"href":"https:\/\/ok100.cz\/index.php\/wp-json\/wp\/v2\/comments?post=268"}],"version-history":[{"count":7,"href":"https:\/\/ok100.cz\/index.php\/wp-json\/wp\/v2\/pages\/268\/revisions"}],"predecessor-version":[{"id":278,"href":"https:\/\/ok100.cz\/index.php\/wp-json\/wp\/v2\/pages\/268\/revisions\/278"}],"wp:attachment":[{"href":"https:\/\/ok100.cz\/index.php\/wp-json\/wp\/v2\/media?parent=268"}],"curies":[{"name":"wp","href":"https:\/\/api.w.org\/{rel}","templated":true}]}}