{"id":2,"date":"2023-08-27T23:17:07","date_gmt":"2023-08-27T21:17:07","guid":{"rendered":"http:\/\/ok100.cz\/?page_id=2"},"modified":"2023-08-31T13:37:39","modified_gmt":"2023-08-31T11:37:39","slug":"home-ok100","status":"publish","type":"page","link":"https:\/\/ok100.cz\/index.php\/home-ok100\/","title":{"rendered":"Home-ok100"},"content":{"rendered":"<p>[et_pb_section fb_built=&#8221;1&#8243; _builder_version=&#8221;4.22.1&#8243; _module_preset=&#8221;default&#8221; background_color=&#8221;#000000&#8243; background_enable_video_mp4=&#8221;off&#8221; min_height=&#8221;1251px&#8221; global_colors_info=&#8221;{}&#8221;][et_pb_row _builder_version=&#8221;4.22.1&#8243; _module_preset=&#8221;default&#8221; custom_padding=&#8221;340px||425px|||&#8221; global_colors_info=&#8221;{}&#8221;][et_pb_column type=&#8221;4_4&#8243; _builder_version=&#8221;4.22.1&#8243; _module_preset=&#8221;default&#8221; custom_padding=&#8221;||||true&#8221; global_colors_info=&#8221;{}&#8221;][et_pb_text _builder_version=&#8221;4.22.1&#8243; _module_preset=&#8221;default&#8221; text_font=&#8221;|300|||||||&#8221; text_text_color=&#8221;#FFFFFF&#8221; text_font_size=&#8221;44px&#8221; text_orientation=&#8221;center&#8221; hover_enabled=&#8221;0&#8243; global_colors_info=&#8221;{}&#8221; header_font_size_last_edited=&#8221;on|phone&#8221; sticky_enabled=&#8221;0&#8243; header_font_size_phone=&#8221;22px&#8221; text_font_size_last_edited=&#8221;on|desktop&#8221; text_font_size_phone=&#8221;24px&#8221; text_font_size_tablet=&#8221;30px&#8221;]<\/p>\n<p>Check-in na let OK100 se otev\u00edr\u00e1 1. 9. 2023<\/p>\n<p>[\/et_pb_text][et_pb_countdown_timer date_time=&#8221;2023-09-01 00:01&#8243; _builder_version=&#8221;4.22.1&#8243; _module_preset=&#8221;default&#8221; numbers_font=&#8221;|600|||||||&#8221; numbers_font_size=&#8221;60px&#8221; separator_font_size=&#8221;44px&#8221; label_text_color=&#8221;rgba(255,255,255,0.27)&#8221; label_font_size=&#8221;13px&#8221; label_line_height=&#8221;20px&#8221; background_color=&#8221;RGBA(255,255,255,0)&#8221; max_width=&#8221;70%&#8221; module_alignment=&#8221;center&#8221; hover_enabled=&#8221;0&#8243; numbers_text_color_last_edited=&#8221;off|desktop&#8221; global_colors_info=&#8221;{}&#8221; sticky_enabled=&#8221;0&#8243; numbers_font_size_last_edited=&#8221;on|desktop&#8221; numbers_font_size_phone=&#8221;20px&#8221; numbers_font_size_tablet=&#8221;34px&#8221; separator_font_size_last_edited=&#8221;on|tablet&#8221; separator_font_size_phone=&#8221;16px&#8221; separator_font_size_tablet=&#8221;25px&#8221; label_font_size_last_edited=&#8221;on|phone&#8221; label_font_size_tablet=&#8221;10px&#8221; label_font_size_phone=&#8221;8px&#8221;][\/et_pb_countdown_timer][\/et_pb_column][\/et_pb_row][\/et_pb_section][et_pb_section fb_built=&#8221;1&#8243; disabled_on=&#8221;on|on|on&#8221; _builder_version=&#8221;4.22.1&#8243; _module_preset=&#8221;default&#8221; background_video_mp4=&#8221;http:\/\/ok100.cz\/wp-content\/uploads\/2023\/08\/OK-100-video-V4.mp4&#8243; min_height=&#8221;1154px&#8221; disabled=&#8221;on&#8221; global_colors_info=&#8221;{}&#8221;][et_pb_row _builder_version=&#8221;4.22.1&#8243; _module_preset=&#8221;default&#8221; custom_padding=&#8221;470px||425px|||&#8221; global_colors_info=&#8221;{}&#8221;][et_pb_column type=&#8221;4_4&#8243; _builder_version=&#8221;4.22.1&#8243; _module_preset=&#8221;default&#8221; custom_padding=&#8221;||||true&#8221; global_colors_info=&#8221;{}&#8221;][et_pb_countdown_timer date_time=&#8221;2023-10-01 21:00&#8243; _builder_version=&#8221;4.22.1&#8243; _module_preset=&#8221;default&#8221; numbers_font=&#8221;|700|||||||&#8221; numbers_font_size=&#8221;80px&#8221; background_color=&#8221;RGBA(255,255,255,0)&#8221; global_colors_info=&#8221;{}&#8221;][\/et_pb_countdown_timer][\/et_pb_column][\/et_pb_row][\/et_pb_section][et_pb_section fb_built=&#8221;1&#8243; disabled_on=&#8221;on|on|on&#8221; _builder_version=&#8221;4.22.1&#8243; _module_preset=&#8221;default&#8221; disabled=&#8221;on&#8221; global_colors_info=&#8221;{}&#8221;][et_pb_row _builder_version=&#8221;4.22.1&#8243; _module_preset=&#8221;default&#8221; global_colors_info=&#8221;{}&#8221;][et_pb_column type=&#8221;4_4&#8243; _builder_version=&#8221;4.22.1&#8243; _module_preset=&#8221;default&#8221; global_colors_info=&#8221;{}&#8221;][et_pb_image src=&#8221;http:\/\/ok100.cz\/wp-content\/uploads\/2023\/08\/OK-100-Letadlo-1-e1693178878167-300&#215;102.png&#8221; title_text=&#8221;OK-100-Letadlo-1&#8243; align=&#8221;center&#8221; _builder_version=&#8221;4.22.1&#8243; _module_preset=&#8221;default&#8221; global_colors_info=&#8221;{}&#8221;][\/et_pb_image][\/et_pb_column][\/et_pb_row][\/et_pb_section]<\/p>\n","protected":false},"excerpt":{"rendered":"<p>Check-in na let OK100 se otev\u00edr\u00e1 1. 9. 2023<\/p>\n","protected":false},"author":1,"featured_media":0,"parent":0,"menu_order":0,"comment_status":"closed","ping_status":"closed","template":"","meta":{"_et_pb_use_builder":"on","_et_pb_old_content":"<!-- wp:paragraph -->\n<p>Pr\u00e1v\u011b si prohl\u00ed\u017e\u00edte uk\u00e1zkovou str\u00e1nku, kter\u00e1 byla vytvo\u0159ena automaticky b\u011bhem instalace WordPressu. Str\u00e1nky se li\u0161\u00ed od p\u0159\u00edsp\u011bvk\u016f zejm\u00e9na t\u00edm, \u017ee obsahuj\u00ed n\u011bjak\u00fd statick\u00fd text a jsou zobrazov\u00e1ny na st\u00e1le stejn\u00e9m m\u00edst\u011b webu (u v\u011bt\u0161iny \u0161ablon jde o naviga\u010dn\u00ed menu). Lid\u00e9 obvykle nejd\u0159\u00edve vytv\u00e1\u0159ej\u00ed z\u00e1kladn\u00ed informa\u010dn\u00ed str\u00e1nky, kde se p\u0159edstav\u00ed n\u00e1v\u0161t\u011bvn\u00edk\u016fm webu a sezn\u00e1m\u00ed je se sv\u00fdmi z\u00e1m\u011bry. M\u016f\u017ee to b\u00fdt nap\u0159. n\u011bco v n\u00e1sleduj\u00edc\u00edm stylu:<\/p>\n<!-- \/wp:paragraph -->\n\n<!-- wp:quote -->\n<blockquote class=\"wp-block-quote\"><!-- wp:paragraph -->\n<p>Zdrav\u00edm! Jsem Josef a bydl\u00edm v Plzni. Pracuji jako \u0159idi\u010d autobusu a po noc\u00edch bloguji o, alespo\u0148 dle m\u00e9ho, zaj\u00edmav\u00fdch v\u011bcech...<\/p>\n<!-- \/wp:paragraph --><\/blockquote>\n<!-- \/wp:quote -->\n\n<!-- wp:paragraph -->\n<p>...a nebo n\u011bco takov\u00e9ho:<\/p>\n<!-- \/wp:paragraph -->\n\n<!-- wp:quote -->\n<blockquote class=\"wp-block-quote\"><!-- wp:paragraph -->\n<p>Spole\u010dnost XYZ byla zalo\u017eena v roce 1989 a ji\u017e od po\u010d\u00e1tku nab\u00edz\u00ed sv\u00fdm z\u00e1kazn\u00edk\u016fm vynikaj\u00edc\u00ed v\u00fdrobky pro kedsicosi. XYZ se soust\u0159ed\u00ed p\u0159edev\u0161\u00edm na kvalitu a detail za pou\u017eit\u00ed nejnov\u011bj\u0161\u00edch technologi\u00ed a se zaji\u0161t\u011bn\u00edm vysok\u00e9 \u017eivotnosti. Firma  s\u00eddl\u00ed v Kocourkov\u011b a zam\u011bstn\u00e1v\u00e1 v\u00edce ne\u017e 300 profesion\u00e1l\u016f ve r\u016fzn\u00fdch oblastech.<\/p>\n<!-- \/wp:paragraph --><\/blockquote>\n<!-- \/wp:quote -->\n\n<!-- wp:paragraph -->\n<p>Pokud s WordPressem pr\u00e1v\u011b za\u010d\u00edn\u00e1te, m\u011bli byste se nejd\u0159\u00edve p\u0159ihl\u00e1sit do <a href=\"http:\/\/ok100.cz\/wp-admin\/\">administrace<\/a> a tuto str\u00e1nku smazat (nebo upravit). A nic u\u017e v\u00e1m tak\u00e9 nebr\u00e1n\u00ed vytv\u00e1\u0159et dal\u0161\u00ed obsah webu v podob\u011b nov\u00fdch str\u00e1nek a p\u0159\u00edsp\u011bvk\u016f. Douf\u00e1me, \u017ee budete se spr\u00e1vou webu v redak\u010dn\u00edm syst\u00e9mu WordPress spokojeni!<\/p>\n<!-- \/wp:paragraph -->","_et_gb_content_width":"","footnotes":""},"_links":{"self":[{"href":"https:\/\/ok100.cz\/index.php\/wp-json\/wp\/v2\/pages\/2"}],"collection":[{"href":"https:\/\/ok100.cz\/index.php\/wp-json\/wp\/v2\/pages"}],"about":[{"href":"https:\/\/ok100.cz\/index.php\/wp-json\/wp\/v2\/types\/page"}],"author":[{"embeddable":true,"href":"https:\/\/ok100.cz\/index.php\/wp-json\/wp\/v2\/users\/1"}],"replies":[{"embeddable":true,"href":"https:\/\/ok100.cz\/index.php\/wp-json\/wp\/v2\/comments?post=2"}],"version-history":[{"count":11,"href":"https:\/\/ok100.cz\/index.php\/wp-json\/wp\/v2\/pages\/2\/revisions"}],"predecessor-version":[{"id":225,"href":"https:\/\/ok100.cz\/index.php\/wp-json\/wp\/v2\/pages\/2\/revisions\/225"}],"wp:attachment":[{"href":"https:\/\/ok100.cz\/index.php\/wp-json\/wp\/v2\/media?parent=2"}],"curies":[{"name":"wp","href":"https:\/\/api.w.org\/{rel}","templated":true}]}}